{"id":1190,"date":"2023-04-19T08:27:17","date_gmt":"2023-04-19T08:27:17","guid":{"rendered":"https:\/\/distritofederaldecoracion.com\/?post_type=product&#038;p=1190"},"modified":"2023-05-10T08:19:07","modified_gmt":"2023-05-10T08:19:07","slug":"cuadros-de-pared","status":"publish","type":"product","link":"https:\/\/distritofederaldecoracion.com\/en\/product\/cuadros-de-pared\/","title":{"rendered":"Cuadros"},"content":{"rendered":"<p>Los cuadros decorativos son una excelente opci\u00f3n para agregar un toque personal y \u00fanico a tus paredes. En nuestra colecci\u00f3n de cuadros decorativos, encontrar\u00e1s una amplia variedad de dise\u00f1os y estilos para que puedas elegir aquellos que mejor se adapten a tus gustos y necesidades.<\/p>\n<p>Desde cuadros abstractos hasta paisajes impresionantes, nuestros productos est\u00e1n dise\u00f1ados para agregar color y vida a tus espacios. Adem\u00e1s, nuestros cuadros decorativos est\u00e1n hechos con materiales de alta calidad que garantizan su durabilidad y resistencia.<\/p>\n<p>\u00bfBuscas un estilo moderno y vanguardista? Nuestros cuadros abstractos son la opci\u00f3n perfecta para ti. Con diferentes dise\u00f1os y colores, estos cuadros son una excelente opci\u00f3n para agregar un toque de originalidad a tus paredes. Adem\u00e1s, los materiales con los que est\u00e1n hechos garantizan una larga durabilidad.<\/p>\n<p>\u00bfPrefieres un estilo m\u00e1s cl\u00e1sico y elegante? Nuestra colecci\u00f3n de cuadros con paisajes impresionantes es la opci\u00f3n ideal para ti. Desde paisajes naturales hasta monumentos emblem\u00e1ticos, nuestros cuadros son perfectos para agregar un toque de distinci\u00f3n y sofisticaci\u00f3n a tus paredes.<\/p>\n<p>Adem\u00e1s, nuestros cuadros decorativos son una excelente opci\u00f3n para regalar. Si buscas un detalle especial y original para alguien, un cuadro decorativo puede ser la opci\u00f3n ideal. Adem\u00e1s, nuestros productos est\u00e1n disponibles en diferentes tama\u00f1os para que puedas encontrar el que mejor se adapte a tus necesidades.<\/p>","protected":false},"excerpt":{"rendered":"<p>\u00bfQuieres darle un toque personal y \u00fanico a tus paredes? Descubre nuestra colecci\u00f3n de cuadros decorativos. Tenemos una amplia variedad de dise\u00f1os y estilos para que puedas encontrar el que mejor se adapte a tus gustos y necesidades. \u00a1Agrega color y vida a tus espacios con nuestros cuadros decorativos!<\/p>","protected":false},"featured_media":1183,"comment_status":"open","ping_status":"closed","template":"","meta":[],"product_cat":[38,36,17,25,43,41,48],"product_tag":[],"yoast_head":"<!-- This site is optimized with the Yoast SEO plugin v20.5 - https:\/\/yoast.com\/wordpress\/plugins\/seo\/ -->\n<title>Cuadros - Tienda de decoraci\u00f3n en Llanes<\/title>\n<meta name=\"robots\" content=\"index, follow, max-snippet:-1, max-image-preview:large, max-video-preview:-1\" \/>\n<link rel=\"canonical\" href=\"https:\/\/distritofederaldecoracion.com\/en\/product\/cuadros-de-pared\/\" \/>\n<meta property=\"og:locale\" content=\"en_US\" \/>\n<meta property=\"og:type\" content=\"article\" \/>\n<meta property=\"og:title\" content=\"Cuadros - Tienda de decoraci\u00f3n en Llanes\" \/>\n<meta property=\"og:description\" content=\"\u00bfQuieres darle un toque personal y \u00fanico a tus paredes? Descubre nuestra colecci\u00f3n de cuadros decorativos. Tenemos una amplia variedad de dise\u00f1os y estilos para que puedas encontrar el que mejor se adapte a tus gustos y necesidades. \u00a1Agrega color y vida a tus espacios con nuestros cuadros decorativos!\" \/>\n<meta property=\"og:url\" content=\"https:\/\/distritofederaldecoracion.com\/en\/product\/cuadros-de-pared\/\" \/>\n<meta property=\"og:site_name\" content=\"Tienda de decoraci\u00f3n en Llanes\" \/>\n<meta property=\"article:publisher\" content=\"https:\/\/www.facebook.com\/DistritoFederalDecoracion\/?locale=es_ES\" \/>\n<meta property=\"article:modified_time\" content=\"2023-05-10T08:19:07+00:00\" \/>\n<meta property=\"og:image\" content=\"http:\/\/distritofederaldecoracion.com\/wp-content\/uploads\/2023\/04\/325388761_1681671828969656_965665612475783422_n.jpg\" \/>\n\t<meta property=\"og:image:width\" content=\"1440\" \/>\n\t<meta property=\"og:image:height\" content=\"1440\" \/>\n\t<meta property=\"og:image:type\" content=\"image\/jpeg\" \/>\n<meta name=\"twitter:card\" content=\"summary_large_image\" \/>\n<script type=\"application\/ld+json\" class=\"yoast-schema-graph\">{\"@context\":\"https:\/\/schema.org\",\"@graph\":[{\"@type\":\"WebPage\",\"@id\":\"https:\/\/distritofederaldecoracion.com\/producto\/cuadros-de-pared\/\",\"url\":\"https:\/\/distritofederaldecoracion.com\/producto\/cuadros-de-pared\/\",\"name\":\"Cuadros - Tienda de decoraci\u00f3n en Llanes\",\"isPartOf\":{\"@id\":\"https:\/\/distritofederaldecoracion.com\/en\/#website\"},\"datePublished\":\"2023-04-19T08:27:17+00:00\",\"dateModified\":\"2023-05-10T08:19:07+00:00\",\"breadcrumb\":{\"@id\":\"https:\/\/distritofederaldecoracion.com\/producto\/cuadros-de-pared\/#breadcrumb\"},\"inLanguage\":\"en-US\",\"potentialAction\":[{\"@type\":\"ReadAction\",\"target\":[\"https:\/\/distritofederaldecoracion.com\/producto\/cuadros-de-pared\/\"]}]},{\"@type\":\"BreadcrumbList\",\"@id\":\"https:\/\/distritofederaldecoracion.com\/producto\/cuadros-de-pared\/#breadcrumb\",\"itemListElement\":[{\"@type\":\"ListItem\",\"position\":1,\"name\":\"Portada\",\"item\":\"https:\/\/distritofederaldecoracion.com\/\"},{\"@type\":\"ListItem\",\"position\":2,\"name\":\"CATALOGO\",\"item\":\"https:\/\/distritofederaldecoracion.com\/en\/catalogo\/\"},{\"@type\":\"ListItem\",\"position\":3,\"name\":\"Cuadros\"}]},{\"@type\":\"WebSite\",\"@id\":\"https:\/\/distritofederaldecoracion.com\/en\/#website\",\"url\":\"https:\/\/distritofederaldecoracion.com\/en\/\",\"name\":\"Tienda de decoraci\u00f3n en Llanes\",\"description\":\"Distrito federal decoraci\u00f3n\",\"publisher\":{\"@id\":\"https:\/\/distritofederaldecoracion.com\/en\/#organization\"},\"potentialAction\":[{\"@type\":\"SearchAction\",\"target\":{\"@type\":\"EntryPoint\",\"urlTemplate\":\"https:\/\/distritofederaldecoracion.com\/en\/?s={search_term_string}\"},\"query-input\":\"required name=search_term_string\"}],\"inLanguage\":\"en-US\"},{\"@type\":\"Organization\",\"@id\":\"https:\/\/distritofederaldecoracion.com\/en\/#organization\",\"name\":\"Tienda de decoraci\u00f3n en Llanes\",\"url\":\"https:\/\/distritofederaldecoracion.com\/en\/\",\"logo\":{\"@type\":\"ImageObject\",\"inLanguage\":\"en-US\",\"@id\":\"https:\/\/distritofederaldecoracion.com\/en\/#\/schema\/logo\/image\/\",\"url\":\"https:\/\/distritofederaldecoracion.com\/wp-content\/uploads\/2023\/04\/cropped-LOGO-BUENO-e1682493688127.png\",\"contentUrl\":\"https:\/\/distritofederaldecoracion.com\/wp-content\/uploads\/2023\/04\/cropped-LOGO-BUENO-e1682493688127.png\",\"width\":12161,\"height\":1121,\"caption\":\"Tienda de decoraci\u00f3n en Llanes\"},\"image\":{\"@id\":\"https:\/\/distritofederaldecoracion.com\/en\/#\/schema\/logo\/image\/\"},\"sameAs\":[\"https:\/\/www.facebook.com\/DistritoFederalDecoracion\/?locale=es_ES\"]}]}<\/script>\n<!-- \/ Yoast SEO plugin. -->","yoast_head_json":{"title":"Cuadros - Tienda de decoraci\u00f3n en Llanes","robots":{"index":"index","follow":"follow","max-snippet":"max-snippet:-1","max-image-preview":"max-image-preview:large","max-video-preview":"max-video-preview:-1"},"canonical":"https:\/\/distritofederaldecoracion.com\/en\/product\/cuadros-de-pared\/","og_locale":"en_US","og_type":"article","og_title":"Cuadros - Tienda de decoraci\u00f3n en Llanes","og_description":"\u00bfQuieres darle un toque personal y \u00fanico a tus paredes? Descubre nuestra colecci\u00f3n de cuadros decorativos. Tenemos una amplia variedad de dise\u00f1os y estilos para que puedas encontrar el que mejor se adapte a tus gustos y necesidades. \u00a1Agrega color y vida a tus espacios con nuestros cuadros decorativos!","og_url":"https:\/\/distritofederaldecoracion.com\/en\/product\/cuadros-de-pared\/","og_site_name":"Tienda de decoraci\u00f3n en Llanes","article_publisher":"https:\/\/www.facebook.com\/DistritoFederalDecoracion\/?locale=es_ES","article_modified_time":"2023-05-10T08:19:07+00:00","og_image":[{"width":1440,"height":1440,"url":"http:\/\/distritofederaldecoracion.com\/wp-content\/uploads\/2023\/04\/325388761_1681671828969656_965665612475783422_n.jpg","type":"image\/jpeg"}],"twitter_card":"summary_large_image","schema":{"@context":"https:\/\/schema.org","@graph":[{"@type":"WebPage","@id":"https:\/\/distritofederaldecoracion.com\/producto\/cuadros-de-pared\/","url":"https:\/\/distritofederaldecoracion.com\/producto\/cuadros-de-pared\/","name":"Cuadros - Tienda de decoraci\u00f3n en Llanes","isPartOf":{"@id":"https:\/\/distritofederaldecoracion.com\/en\/#website"},"datePublished":"2023-04-19T08:27:17+00:00","dateModified":"2023-05-10T08:19:07+00:00","breadcrumb":{"@id":"https:\/\/distritofederaldecoracion.com\/producto\/cuadros-de-pared\/#breadcrumb"},"inLanguage":"en-US","potentialAction":[{"@type":"ReadAction","target":["https:\/\/distritofederaldecoracion.com\/producto\/cuadros-de-pared\/"]}]},{"@type":"BreadcrumbList","@id":"https:\/\/distritofederaldecoracion.com\/producto\/cuadros-de-pared\/#breadcrumb","itemListElement":[{"@type":"ListItem","position":1,"name":"Portada","item":"https:\/\/distritofederaldecoracion.com\/"},{"@type":"ListItem","position":2,"name":"CATALOGO","item":"https:\/\/distritofederaldecoracion.com\/en\/catalogo\/"},{"@type":"ListItem","position":3,"name":"Cuadros"}]},{"@type":"WebSite","@id":"https:\/\/distritofederaldecoracion.com\/en\/#website","url":"https:\/\/distritofederaldecoracion.com\/en\/","name":"Tienda de decoraci\u00f3n en Llanes","description":"Distrito federal decoraci\u00f3n","publisher":{"@id":"https:\/\/distritofederaldecoracion.com\/en\/#organization"},"potentialAction":[{"@type":"SearchAction","target":{"@type":"EntryPoint","urlTemplate":"https:\/\/distritofederaldecoracion.com\/en\/?s={search_term_string}"},"query-input":"required name=search_term_string"}],"inLanguage":"en-US"},{"@type":"Organization","@id":"https:\/\/distritofederaldecoracion.com\/en\/#organization","name":"Tienda de decoraci\u00f3n en Llanes","url":"https:\/\/distritofederaldecoracion.com\/en\/","logo":{"@type":"ImageObject","inLanguage":"en-US","@id":"https:\/\/distritofederaldecoracion.com\/en\/#\/schema\/logo\/image\/","url":"https:\/\/distritofederaldecoracion.com\/wp-content\/uploads\/2023\/04\/cropped-LOGO-BUENO-e1682493688127.png","contentUrl":"https:\/\/distritofederaldecoracion.com\/wp-content\/uploads\/2023\/04\/cropped-LOGO-BUENO-e1682493688127.png","width":12161,"height":1121,"caption":"Tienda de decoraci\u00f3n en Llanes"},"image":{"@id":"https:\/\/distritofederaldecoracion.com\/en\/#\/schema\/logo\/image\/"},"sameAs":["https:\/\/www.facebook.com\/DistritoFederalDecoracion\/?locale=es_ES"]}]}},"_links":{"self":[{"href":"https:\/\/distritofederaldecoracion.com\/en\/wp-json\/wp\/v3\/product\/1190"}],"collection":[{"href":"https:\/\/distritofederaldecoracion.com\/en\/wp-json\/wp\/v3\/product"}],"about":[{"href":"https:\/\/distritofederaldecoracion.com\/en\/wp-json\/wp\/v2\/types\/product"}],"replies":[{"embeddable":true,"href":"https:\/\/distritofederaldecoracion.com\/en\/wp-json\/wp\/v2\/comments?post=1190"}],"wp:featuredmedia":[{"embeddable":true,"href":"https:\/\/distritofederaldecoracion.com\/en\/wp-json\/wp\/v2\/media\/1183"}],"wp:attachment":[{"href":"https:\/\/distritofederaldecoracion.com\/en\/wp-json\/wp\/v2\/media?parent=1190"}],"wp:term":[{"taxonomy":"product_cat","embeddable":true,"href":"https:\/\/distritofederaldecoracion.com\/en\/wp-json\/wp\/v2\/product_cat?post=1190"},{"taxonomy":"product_tag","embeddable":true,"href":"https:\/\/distritofederaldecoracion.com\/en\/wp-json\/wp\/v2\/product_tag?post=1190"}],"curies":[{"name":"wp","href":"https:\/\/api.w.org\/{rel}","templated":true}]}}