{"id":1287,"date":"2023-04-19T09:01:34","date_gmt":"2023-04-19T09:01:34","guid":{"rendered":"https:\/\/distritofederaldecoracion.com\/?page_id=1287"},"modified":"2023-07-25T14:53:50","modified_gmt":"2023-07-25T14:53:50","slug":"uso-de-herramientas-de-accesibilidad","status":"publish","type":"page","link":"https:\/\/distritofederaldecoracion.com\/en\/uso-de-herramientas-de-accesibilidad\/","title":{"rendered":"Use of accessibility tools"},"content":{"rendered":"<div data-elementor-type=\"wp-page\" data-elementor-id=\"1287\" class=\"elementor elementor-1287\">\n\t\t\t\t\t\t\t\t\t<section class=\"elementor-section elementor-top-section elementor-element elementor-element-4fed594 elementor-section-boxed elementor-section-height-default elementor-section-height-default\" data-id=\"4fed594\" data-element_type=\"section\" data-settings=\"{&quot;_ha_eqh_enable&quot;:false}\">\n\t\t\t\t\t\t<div class=\"elementor-container elementor-column-gap-default\">\n\t\t\t\t\t<div class=\"elementor-column elementor-col-100 elementor-top-column elementor-element elementor-element-b30bd51\" data-id=\"b30bd51\" data-element_type=\"column\" data-settings=\"{&quot;background_background&quot;:&quot;classic&quot;}\">\n\t\t\t<div class=\"elementor-widget-wrap elementor-element-populated\">\n\t\t\t\t\t\t\t\t<div class=\"elementor-element elementor-element-362c1c6 elementor-widget elementor-widget-heading\" data-id=\"362c1c6\" data-element_type=\"widget\" data-widget_type=\"heading.default\">\n\t\t\t\t<div class=\"elementor-widget-container\">\n\t\t\t<style>\/*! elementor - v3.12.1 - 02-04-2023 *\/\n.elementor-heading-title{padding:0;margin:0;line-height:1}.elementor-widget-heading .elementor-heading-title[class*=elementor-size-]>a{color:inherit;font-size:inherit;line-height:inherit}.elementor-widget-heading .elementor-heading-title.elementor-size-small{font-size:15px}.elementor-widget-heading .elementor-heading-title.elementor-size-medium{font-size:19px}.elementor-widget-heading .elementor-heading-title.elementor-size-large{font-size:29px}.elementor-widget-heading .elementor-heading-title.elementor-size-xl{font-size:39px}.elementor-widget-heading .elementor-heading-title.elementor-size-xxl{font-size:59px}<\/style><h1 class=\"elementor-heading-title elementor-size-default\">Uso de herramientas de accesibilidad implantadas<\/h1>\t\t<\/div>\n\t\t\t\t<\/div>\n\t\t\t\t<div class=\"elementor-element elementor-element-7407474 elementor-widget elementor-widget-heading\" data-id=\"7407474\" data-element_type=\"widget\" data-widget_type=\"heading.default\">\n\t\t\t\t<div class=\"elementor-widget-container\">\n\t\t\t<h1 class=\"elementor-heading-title elementor-size-default\">Herramienta de accesibilidad general;<\/h1>\t\t<\/div>\n\t\t\t\t<\/div>\n\t\t\t\t<div class=\"elementor-element elementor-element-2fb95d1 elementor-widget elementor-widget-text-editor\" data-id=\"2fb95d1\" data-element_type=\"widget\" data-widget_type=\"text-editor.default\">\n\t\t\t\t<div class=\"elementor-widget-container\">\n\t\t\t<style>\/*! elementor - v3.12.1 - 02-04-2023 *\/\n.elementor-widget-text-editor.elementor-drop-cap-view-stacked .elementor-drop-cap{background-color:#69727d;color:#fff}.elementor-widget-text-editor.elementor-drop-cap-view-framed .elementor-drop-cap{color:#69727d;border:3px solid;background-color:transparent}.elementor-widget-text-editor:not(.elementor-drop-cap-view-default) .elementor-drop-cap{margin-top:8px}.elementor-widget-text-editor:not(.elementor-drop-cap-view-default) .elementor-drop-cap-letter{width:1em;height:1em}.elementor-widget-text-editor .elementor-drop-cap{float:left;text-align:center;line-height:1;font-size:50px}.elementor-widget-text-editor .elementor-drop-cap-letter{display:inline-block}<\/style>\t\t\t\t<p>Si pulsas sobre el icono que aparece en el medio de tu pantalla del lado izquierdo se abre un men\u00fa en el cual podr\u00e1s realizar las siguientes acciones;<\/p><p>Aumentar y disminuir el tama\u00f1o de la letra<br \/>Escala de grises, todo el contenido se volver\u00e1 de color gris a diferentes escalas diferenciando los contenidos<br \/>Alto contraste, los contenidos pasan a un modo de contraste alto, para diferenciar los contenidos<br \/>Contraste negativo, todos los contenidos pasan a tener un contraste negativo ayudando a diferenciar las secciones<br \/>Fondo claro transforma toda la web y pone un fondo de color blanco a la misma.<br \/>subrayar enlaces, subraya todos los enlaces disponibles en la web<br \/>Fuente legible, transforma las fuentes del site a una fuente legible<br \/>Restablecer, restablece todos los valores a por defecto de la web.<\/p>\t\t\t\t\t\t<\/div>\n\t\t\t\t<\/div>\n\t\t\t\t\t<\/div>\n\t\t<\/div>\n\t\t\t\t\t\t\t<\/div>\n\t\t<\/section>\n\t\t\t\t\t\t\t<\/div>","protected":false},"excerpt":{"rendered":"<p>Uso de herramientas de accesibilidad implantadas Herramienta de accesibilidad general; Si pulsas sobre el icono que aparece en el medio de tu pantalla del lado izquierdo se abre un men\u00fa en el cual podr\u00e1s realizar las siguientes acciones; Aumentar y disminuir el tama\u00f1o de la letraEscala de grises, todo el contenido se volver\u00e1 de color [&hellip;]<\/p>","protected":false},"author":1,"featured_media":0,"parent":0,"menu_order":0,"comment_status":"closed","ping_status":"closed","template":"elementor_header_footer","meta":[],"yoast_head":"<!-- This site is optimized with the Yoast SEO plugin v20.5 - https:\/\/yoast.com\/wordpress\/plugins\/seo\/ -->\n<title>Uso de herramientas de accesibilidad - Tienda de decoraci\u00f3n en Llanes<\/title>\n<meta name=\"robots\" content=\"index, follow, max-snippet:-1, max-image-preview:large, max-video-preview:-1\" \/>\n<link rel=\"canonical\" href=\"https:\/\/distritofederaldecoracion.com\/en\/uso-de-herramientas-de-accesibilidad\/\" \/>\n<meta property=\"og:locale\" content=\"en_US\" \/>\n<meta property=\"og:type\" content=\"article\" \/>\n<meta property=\"og:title\" content=\"Uso de herramientas de accesibilidad - Tienda de decoraci\u00f3n en Llanes\" \/>\n<meta property=\"og:description\" content=\"Uso de herramientas de accesibilidad implantadas Herramienta de accesibilidad general; Si pulsas sobre el icono que aparece en el medio de tu pantalla del lado izquierdo se abre un men\u00fa en el cual podr\u00e1s realizar las siguientes acciones; Aumentar y disminuir el tama\u00f1o de la letraEscala de grises, todo el contenido se volver\u00e1 de color [&hellip;]\" \/>\n<meta property=\"og:url\" content=\"https:\/\/distritofederaldecoracion.com\/en\/uso-de-herramientas-de-accesibilidad\/\" \/>\n<meta property=\"og:site_name\" content=\"Tienda de decoraci\u00f3n en Llanes\" \/>\n<meta property=\"article:publisher\" content=\"https:\/\/www.facebook.com\/DistritoFederalDecoracion\/?locale=es_ES\" \/>\n<meta property=\"article:modified_time\" content=\"2023-07-25T14:53:50+00:00\" \/>\n<meta name=\"twitter:card\" content=\"summary_large_image\" \/>\n<meta name=\"twitter:label1\" content=\"Est. reading time\" \/>\n\t<meta name=\"twitter:data1\" content=\"1 minute\" \/>\n<script type=\"application\/ld+json\" class=\"yoast-schema-graph\">{\"@context\":\"https:\/\/schema.org\",\"@graph\":[{\"@type\":\"WebPage\",\"@id\":\"https:\/\/distritofederaldecoracion.com\/uso-de-herramientas-de-accesibilidad\/\",\"url\":\"https:\/\/distritofederaldecoracion.com\/uso-de-herramientas-de-accesibilidad\/\",\"name\":\"Uso de herramientas de accesibilidad - Tienda de decoraci\u00f3n en Llanes\",\"isPartOf\":{\"@id\":\"https:\/\/distritofederaldecoracion.com\/en\/#website\"},\"datePublished\":\"2023-04-19T09:01:34+00:00\",\"dateModified\":\"2023-07-25T14:53:50+00:00\",\"breadcrumb\":{\"@id\":\"https:\/\/distritofederaldecoracion.com\/uso-de-herramientas-de-accesibilidad\/#breadcrumb\"},\"inLanguage\":\"en-US\",\"potentialAction\":[{\"@type\":\"ReadAction\",\"target\":[\"https:\/\/distritofederaldecoracion.com\/uso-de-herramientas-de-accesibilidad\/\"]}]},{\"@type\":\"BreadcrumbList\",\"@id\":\"https:\/\/distritofederaldecoracion.com\/uso-de-herramientas-de-accesibilidad\/#breadcrumb\",\"itemListElement\":[{\"@type\":\"ListItem\",\"position\":1,\"name\":\"Portada\",\"item\":\"https:\/\/distritofederaldecoracion.com\/\"},{\"@type\":\"ListItem\",\"position\":2,\"name\":\"Uso de herramientas de accesibilidad\"}]},{\"@type\":\"WebSite\",\"@id\":\"https:\/\/distritofederaldecoracion.com\/en\/#website\",\"url\":\"https:\/\/distritofederaldecoracion.com\/en\/\",\"name\":\"Tienda de decoraci\u00f3n en Llanes\",\"description\":\"Distrito federal decoraci\u00f3n\",\"publisher\":{\"@id\":\"https:\/\/distritofederaldecoracion.com\/en\/#organization\"},\"potentialAction\":[{\"@type\":\"SearchAction\",\"target\":{\"@type\":\"EntryPoint\",\"urlTemplate\":\"https:\/\/distritofederaldecoracion.com\/en\/?s={search_term_string}\"},\"query-input\":\"required name=search_term_string\"}],\"inLanguage\":\"en-US\"},{\"@type\":\"Organization\",\"@id\":\"https:\/\/distritofederaldecoracion.com\/en\/#organization\",\"name\":\"Tienda de decoraci\u00f3n en Llanes\",\"url\":\"https:\/\/distritofederaldecoracion.com\/en\/\",\"logo\":{\"@type\":\"ImageObject\",\"inLanguage\":\"en-US\",\"@id\":\"https:\/\/distritofederaldecoracion.com\/en\/#\/schema\/logo\/image\/\",\"url\":\"https:\/\/distritofederaldecoracion.com\/wp-content\/uploads\/2023\/04\/cropped-LOGO-BUENO-e1682493688127.png\",\"contentUrl\":\"https:\/\/distritofederaldecoracion.com\/wp-content\/uploads\/2023\/04\/cropped-LOGO-BUENO-e1682493688127.png\",\"width\":12161,\"height\":1121,\"caption\":\"Tienda de decoraci\u00f3n en Llanes\"},\"image\":{\"@id\":\"https:\/\/distritofederaldecoracion.com\/en\/#\/schema\/logo\/image\/\"},\"sameAs\":[\"https:\/\/www.facebook.com\/DistritoFederalDecoracion\/?locale=es_ES\"]}]}<\/script>\n<!-- \/ Yoast SEO plugin. -->","yoast_head_json":{"title":"Uso de herramientas de accesibilidad - Tienda de decoraci\u00f3n en Llanes","robots":{"index":"index","follow":"follow","max-snippet":"max-snippet:-1","max-image-preview":"max-image-preview:large","max-video-preview":"max-video-preview:-1"},"canonical":"https:\/\/distritofederaldecoracion.com\/en\/uso-de-herramientas-de-accesibilidad\/","og_locale":"en_US","og_type":"article","og_title":"Uso de herramientas de accesibilidad - Tienda de decoraci\u00f3n en Llanes","og_description":"Uso de herramientas de accesibilidad implantadas Herramienta de accesibilidad general; Si pulsas sobre el icono que aparece en el medio de tu pantalla del lado izquierdo se abre un men\u00fa en el cual podr\u00e1s realizar las siguientes acciones; Aumentar y disminuir el tama\u00f1o de la letraEscala de grises, todo el contenido se volver\u00e1 de color [&hellip;]","og_url":"https:\/\/distritofederaldecoracion.com\/en\/uso-de-herramientas-de-accesibilidad\/","og_site_name":"Tienda de decoraci\u00f3n en Llanes","article_publisher":"https:\/\/www.facebook.com\/DistritoFederalDecoracion\/?locale=es_ES","article_modified_time":"2023-07-25T14:53:50+00:00","twitter_card":"summary_large_image","twitter_misc":{"Est. reading time":"1 minute"},"schema":{"@context":"https:\/\/schema.org","@graph":[{"@type":"WebPage","@id":"https:\/\/distritofederaldecoracion.com\/uso-de-herramientas-de-accesibilidad\/","url":"https:\/\/distritofederaldecoracion.com\/uso-de-herramientas-de-accesibilidad\/","name":"Uso de herramientas de accesibilidad - Tienda de decoraci\u00f3n en Llanes","isPartOf":{"@id":"https:\/\/distritofederaldecoracion.com\/en\/#website"},"datePublished":"2023-04-19T09:01:34+00:00","dateModified":"2023-07-25T14:53:50+00:00","breadcrumb":{"@id":"https:\/\/distritofederaldecoracion.com\/uso-de-herramientas-de-accesibilidad\/#breadcrumb"},"inLanguage":"en-US","potentialAction":[{"@type":"ReadAction","target":["https:\/\/distritofederaldecoracion.com\/uso-de-herramientas-de-accesibilidad\/"]}]},{"@type":"BreadcrumbList","@id":"https:\/\/distritofederaldecoracion.com\/uso-de-herramientas-de-accesibilidad\/#breadcrumb","itemListElement":[{"@type":"ListItem","position":1,"name":"Portada","item":"https:\/\/distritofederaldecoracion.com\/"},{"@type":"ListItem","position":2,"name":"Uso de herramientas de accesibilidad"}]},{"@type":"WebSite","@id":"https:\/\/distritofederaldecoracion.com\/en\/#website","url":"https:\/\/distritofederaldecoracion.com\/en\/","name":"Tienda de decoraci\u00f3n en Llanes","description":"Distrito federal decoraci\u00f3n","publisher":{"@id":"https:\/\/distritofederaldecoracion.com\/en\/#organization"},"potentialAction":[{"@type":"SearchAction","target":{"@type":"EntryPoint","urlTemplate":"https:\/\/distritofederaldecoracion.com\/en\/?s={search_term_string}"},"query-input":"required name=search_term_string"}],"inLanguage":"en-US"},{"@type":"Organization","@id":"https:\/\/distritofederaldecoracion.com\/en\/#organization","name":"Tienda de decoraci\u00f3n en Llanes","url":"https:\/\/distritofederaldecoracion.com\/en\/","logo":{"@type":"ImageObject","inLanguage":"en-US","@id":"https:\/\/distritofederaldecoracion.com\/en\/#\/schema\/logo\/image\/","url":"https:\/\/distritofederaldecoracion.com\/wp-content\/uploads\/2023\/04\/cropped-LOGO-BUENO-e1682493688127.png","contentUrl":"https:\/\/distritofederaldecoracion.com\/wp-content\/uploads\/2023\/04\/cropped-LOGO-BUENO-e1682493688127.png","width":12161,"height":1121,"caption":"Tienda de decoraci\u00f3n en Llanes"},"image":{"@id":"https:\/\/distritofederaldecoracion.com\/en\/#\/schema\/logo\/image\/"},"sameAs":["https:\/\/www.facebook.com\/DistritoFederalDecoracion\/?locale=es_ES"]}]}},"_links":{"self":[{"href":"https:\/\/distritofederaldecoracion.com\/en\/wp-json\/wp\/v2\/pages\/1287"}],"collection":[{"href":"https:\/\/distritofederaldecoracion.com\/en\/wp-json\/wp\/v2\/pages"}],"about":[{"href":"https:\/\/distritofederaldecoracion.com\/en\/wp-json\/wp\/v2\/types\/page"}],"author":[{"embeddable":true,"href":"https:\/\/distritofederaldecoracion.com\/en\/wp-json\/wp\/v2\/users\/1"}],"replies":[{"embeddable":true,"href":"https:\/\/distritofederaldecoracion.com\/en\/wp-json\/wp\/v2\/comments?post=1287"}],"version-history":[{"count":7,"href":"https:\/\/distritofederaldecoracion.com\/en\/wp-json\/wp\/v2\/pages\/1287\/revisions"}],"predecessor-version":[{"id":2192,"href":"https:\/\/distritofederaldecoracion.com\/en\/wp-json\/wp\/v2\/pages\/1287\/revisions\/2192"}],"wp:attachment":[{"href":"https:\/\/distritofederaldecoracion.com\/en\/wp-json\/wp\/v2\/media?parent=1287"}],"curies":[{"name":"wp","href":"https:\/\/api.w.org\/{rel}","templated":true}]}}